{"id":1430,"date":"2025-09-28T10:41:00","date_gmt":"2025-09-28T08:41:00","guid":{"rendered":"http:\/\/new.sutw-kielce.pl\/?page_id=1430"},"modified":"2026-05-13T18:34:59","modified_gmt":"2026-05-13T16:34:59","slug":"rozklad-zajec-2018-2019","status":"publish","type":"page","link":"https:\/\/www.sutw-kielce.pl\/?page_id=1430","title":{"rendered":"Rozk\u0142ad zaj\u0119\u0107 2025\/2026"},"content":{"rendered":"\n<p class=\"has-text-align-center has-medium-font-size\"><strong>Harmonogram zaj\u0119\u0107 \u015awi\u0119tokrzyskiego Uniwersytetu III Wieku <\/strong><br><strong>w roku akademickim<\/strong> <strong>2025\/2026 <\/strong><\/p>\n\n\n\n<figure class=\"wp-block-table\"><table><tbody><tr><td><strong>Rodzaj zaj\u0119\u0107<\/strong><\/td><td><strong>Prowadz\u0105cy<\/strong><\/td><td><strong>Poniedzia\u0142ek<\/strong><\/td><td><strong>Wtorek<\/strong><\/td><td><strong>\u015aroda<\/strong><\/td><td><strong>Czwartek<\/strong><\/td><td><strong>Pi\u0105tek<\/strong><\/td><\/tr><tr><td><strong>Wyk\u0142ady<\/strong><br> w Auli 117,<br>budynek B, P\u015a<br>&nbsp;&nbsp;&nbsp; 20.X.,3.XI.,17.XI.,<br>1.XII.,15.XII 19.I.,9.II.,<br>23.II.,9.III.,23.III., 20.IV.,<br>4.V.,18.V&nbsp;&nbsp;&nbsp;&nbsp;<\/td><td>&nbsp;<\/td><td>16:00<br>-17:30<\/td><td>&nbsp;<\/td><td>&nbsp;<\/td><td>&nbsp;<\/td><td>&nbsp;<\/td><\/tr><tr><td><strong>Seminaria<\/strong><\/td><td>&nbsp;<\/td><td>&nbsp;<\/td><td>&nbsp;<\/td><td>&nbsp;<\/td><td>&nbsp;<\/td><td>&nbsp;<\/td><\/tr><tr><td><strong>Filozoficzne<\/strong><br>Muz. Dialogu Kultur,<br>Rynek&nbsp; 3 &nbsp;22.X.,5.XI.,19.XI.,<br>3.XII.,17.XII14.I.,<br>28.I.,11.II.,4.III.,<br>18.III., 1.IV.,15.IV.,<br>29.IV.,13.V<\/td><td>dr Lidia Zasacka<\/td><td>&nbsp;<\/td><td>&nbsp;<\/td><td>11:30-do 13:00<\/td><td>&nbsp;<\/td><td>&nbsp;<\/td><\/tr><tr><td><strong>Historyczne<\/strong><br>Muz. Dialogu Kultur,<br>Rynek 3<br>22.X.,5.XI.,19.XI.,<br>3.XII.,17.XII,14.I.,<br>28.I.,11.II.,4.III.,<br>18.III., 1.IV.,15.IV.,<br>29.IV., 13.V.<\/td><td>dr hab. prof. UJK Jacek Pielas<\/td><td>&nbsp;<\/td><td><\/td><td>&nbsp; 13:30 do 15:00<\/td><td>&nbsp;<\/td><td>&nbsp;<\/td><\/tr><tr><td><strong>Historia sztuki<\/strong><br>Muz. Narodowe Pa\u0142ac,<br>Plac Zamkowy<br>17.X.,14.XI.,12.XII.,<br>16.I.,13.II.13.III.,<br>10.IV.,18.V., 5.VI<\/td><td>&nbsp; dr hab. prof. UJK&nbsp; Piotr Rosi\u0144ski<\/td><td>&nbsp;II semestr <br>10.30-12.00<\/td><td>&nbsp;<\/td><td>&nbsp;<\/td><td>&nbsp;<\/td><td>17:00 do <br>18 :30<\/td><\/tr><tr><td><strong>Literackie<\/strong><br>Muz. Dialogu Kultur,<br>Rynek 3<br>21.X.,4.XI.,18.XI.,<br>2.XII.,16.XII,<br>13.I.,27.I.,10.II.,<br>3.III.,17.III., 31.III.,14.IV.,28.IV., 12.V. &nbsp;<\/td><td><br><br>dr hab. prof.UJK<br>Jerzy Ossowski &nbsp; &nbsp; &nbsp; <\/td><td>&nbsp; &nbsp; &nbsp; &nbsp; &nbsp; &nbsp; <\/td><td>&nbsp;13:00 <br>do <br>14:30<br><br><\/td><td>&nbsp; &nbsp; &nbsp; &nbsp; &nbsp; &nbsp; &nbsp; <\/td><td>&nbsp; &nbsp; &nbsp; &nbsp; &nbsp; &nbsp; <\/td><td>&nbsp; &nbsp; &nbsp; &nbsp; &nbsp; &nbsp; <\/td><\/tr><tr><td><strong>Akademia <\/strong>promocji zdrowia<br>Muz. Dialogu Kultur, &nbsp;&nbsp;&nbsp;&nbsp;&nbsp;Rynek 3, 20.XI.,11.XII.,15.I.,<br>12.II<\/td><td>Lekarze, dietetycy, rehabilitanci<\/td><td>&nbsp;<\/td><td>&nbsp;<\/td><td>&nbsp;<\/td><td>14:30 <br>do <br>16:00<\/td><td>&nbsp;<\/td><\/tr><tr><td><strong>Prawnicze<\/strong><br>Muz. Dialogu Kultur<br>12.III.,16.IV.,21.V.<\/td><td>Prawnicy<\/td><td>&nbsp;<\/td><td>&nbsp;<\/td><td>&nbsp;<\/td><td>14:30 <br>do <br>16:00<\/td><td>&nbsp;<\/td><\/tr><tr><td><strong>&nbsp;Sekcje<\/strong><\/td><td>&nbsp;<\/td><td>&nbsp;<\/td><td>&nbsp;<\/td><td>&nbsp;<\/td><td>&nbsp;<\/td><td>&nbsp;<\/td><\/tr><tr><td>Fotograficzna<br>co dwa tygodnie<br>od 16.X.<br>S.M., ul. Seminaryjska 28a\/8<\/td><td>Antoni My\u015bliwiec<\/td><td>&nbsp;<\/td><td>&nbsp;<\/td><td>&nbsp;<\/td><td>14:30-<br>do <br>16:00<\/td><td>&nbsp;<\/td><\/tr><tr><td>Geologiczna \u201eGeopark \u015awi\u0119tokrzyski\u201d,&nbsp; &nbsp;&nbsp;&nbsp;&nbsp;&nbsp;<br>ul. Daleszycka 21 19.XI.,21.I.,4.III.<br>,13.V.<\/td><td>mgr Micha\u0142 Poros<\/td><td>&nbsp;<\/td><td>&nbsp;<\/td><td>16:00-17:30<\/td><td>&nbsp;<\/td><td>&nbsp;<\/td><\/tr><tr><td>Ogrodnicza &nbsp;<br>S.M., ul. Seminaryjska 28a\/8 od 24.X.<br>co dwa tyg.<\/td><td>mgr in\u017c. Edward Galus&nbsp;&nbsp;&nbsp;&nbsp;&nbsp;&nbsp;&nbsp;&nbsp;&nbsp;&nbsp;&nbsp;&nbsp; &nbsp;<\/td><td>&nbsp;<\/td><td>&nbsp;<\/td><td>&nbsp;<\/td><td>&nbsp;<\/td><td>14:00 <br>do 15.30<\/td><\/tr><tr><td>Gimnastyczna<br>Klub Seniora,<br>ul. \u015aw. Stan. Kostki<br>od 8.X. co tydz.<\/td><td>Instruktor Klubu Seniora<\/td><td>&nbsp;<\/td><td>&nbsp;<\/td><td>12:30- do 13:15<\/td><td>&nbsp;<\/td><td>&nbsp;<\/td><\/tr><tr><td>Filmoznawcza<br>WDK Kino Fenomen<br>Daty projekcji w terminie p\u00f3\u017aniejszym<\/td><td>Mgr Jaros\u0142aw Skulski<\/td><td>&nbsp;<\/td><td>&nbsp;<\/td><td>&nbsp;<\/td><td>15:30<br>do <br>17:30<\/td><td>&nbsp;<\/td><\/tr><tr><td>Towarzystwo Przyjaci\u00f3\u0142 Bryd\u017ca<br>ul. Seminaryjska 28a<br>od 7.X. co tydz.<\/td><td>Koordynator \u2013 mgr Jadwiga Machocka<\/td><td>&nbsp;<\/td><td>10:00-do 11:30<\/td><td><\/td><td><\/td><td><\/td><\/tr><tr><td><\/td><td><\/td><td><\/td><td><\/td><td>&nbsp;<\/td><td>&nbsp;<\/td><td>&nbsp;<\/td><\/tr><tr><td><strong>Lektorat<\/strong><br> J. angielski, &nbsp;&nbsp;&nbsp;&nbsp;&nbsp;&nbsp;&nbsp;&nbsp;ul. Seminaryjska <br>2&nbsp;&nbsp;&nbsp;&nbsp;&nbsp;&nbsp;sala nr 8.<br> Po zapisach<br>i wp\u0142atach <br>co tydz.<\/td><td>mgr Jadwiga Nadolska<\/td><td>&nbsp;<\/td><td>&nbsp;Do ustalenia<\/td><td>&nbsp;<\/td><td>&nbsp;<\/td><td>&nbsp;<\/td><\/tr><tr><td>Kabaret<br> \u201eTrzeci bieg\u201d.<br>ul. Seminaryjska 28a,<br>od 9.X. &nbsp;co tydz. &nbsp;<\/td><td>mgr Anna Krzyczkowska<\/td><td>&nbsp;<\/td><td>&nbsp;<\/td><td>&nbsp;<\/td><td>&nbsp;<\/td><td>10:00-do 11:30<\/td><\/tr><tr><td>Grupa wokalna<br>\u201eTu i Teraz\u201d ul.Seminaryjska<br>od 10.X. co tydz.<\/td><td>mgr Gra\u017cyna Sygut<\/td><td>9:00<br>-11:00<\/td><td>&nbsp;<\/td><td>&nbsp;<\/td><td>9:00-11:00 &nbsp;<\/td><td>&nbsp;<\/td><\/tr><tr><td>Klub \u201eNad Silnic\u0105\u201d Muz. Historii Kielc,<br>ul. \u015aw. Leonarda<br>od 18.X. co tydz.<\/td><td>mgr Ewa Rudawska<\/td><td>&nbsp;<\/td><td>&nbsp;<\/td><td>&nbsp;<\/td><td>&nbsp;<\/td><td>Ka\u017cda sobota 10:30-do 12:30<\/td><\/tr><tr><td>Zapisy na imprezy kulturalne \/wg. uzgodnie\u0144\/<\/td><td>Do ustalenia<\/td><td>&nbsp; &nbsp;<\/td><td>&nbsp;<\/td><td>&nbsp;<\/td><td>&nbsp;<\/td><td>&nbsp;<\/td><\/tr><tr><td>&nbsp;Zapisy, op\u0142aty, podpisanie umowy na wczasy krajowe \/wg. uzgodnie\u0144\/<\/td><td>&nbsp;Biura podr\u00f3\u017cy<\/td><td>&nbsp;<\/td><td>&nbsp;<\/td><td>&nbsp;<\/td><td>&nbsp;<\/td><td>&nbsp;<\/td><\/tr><tr><td>Zesp\u00f3\u0142 redakcji wydawnictwa \u201eWidzialni\u201d i artyku\u0142\u00f3w na www. \/wg. uzgodnie\u0144\/<\/td><td>mgr Jolanta Majecka &nbsp; &nbsp;<\/td><td>&nbsp;<\/td><td>&nbsp;<\/td><td>&nbsp;<\/td><td>&nbsp;<\/td><td>&nbsp;<\/td><\/tr><tr><td>Zesp\u00f3\u0142 redakcyjny strony internetowej, ul. Seminaryjska 28 a<br>\/wg. uzgodnie\u0144\/<\/td><td>mgr in\u017c. Jadwiga Dula<br>mgr &nbsp;in\u017c.Miros\u0142awa Bana\u015b in\u017c.El\u017cbieta &nbsp;Iwan<\/td><td>&nbsp;<\/td><td>&nbsp;<\/td><td>&nbsp;<\/td><td>&nbsp;<\/td><td>&nbsp;<\/td><\/tr><tr><td>Zapisy na wczasy zagraniczne<br>i przyjmowanie op\u0142at &nbsp;za zaj\u0119cia<br>ul. Seminaryjska 28a<br>\/wg. uzgodnie\u0144\/<\/td><td>Dorota Szczerba<\/td><td>&nbsp;<\/td><td>10:00 <br>do <br>13:00<\/td><td>&nbsp;<\/td><td>&nbsp;<\/td><td>&nbsp;<\/td><\/tr><tr><td>   <br><\/td><td>   <p class=\"MsoNormal\"><\/p><\/td><td><\/td><td><\/td><td><\/td><td><\/td><td><\/td><\/tr><tr><td><\/td><td><\/td><td><\/td><td><\/td><td><\/td><td><p class=\"MsoNormal\">&nbsp;<\/p>   <\/td><td>   <p class=\"MsoNormal\">&nbsp;<\/p>   <\/td><\/tr><tr><td>   <p class=\"MsoNormal\"><\/p><\/td><td><\/td><td><\/td><td><\/td><td><\/td><td><\/td><td><\/td><\/tr><tr><td><\/td><td><\/td><td><\/td><td><\/td><td><\/td><td><\/td><td><\/td><\/tr><\/tbody><\/table><figcaption class=\"wp-element-caption\"><p class=\"MsoNormal\" style=\"margin-left:-14.2pt\"><\/p><\/figcaption><\/figure>\n\n\n\n<p><strong>UWAGA:<\/strong> <br><strong>Zaj\u0119cia edukacyjne i ruchowe nie s\u0105 ubezpieczone od nast\u0119pstw nieszcz\u0119\u015bliwych wypadk\u00f3w<br> i zdarze\u0144 losowych. <br>Ka\u017cdy uczestnik bierze udzia\u0142 w zaj\u0119ciach na w\u0142asne ryzyko i w\u0142asn\u0105 odpowiedzialno\u015b\u0107<br> i ubezpiecza si\u0119 we w\u0142asnym zakresie.<\/strong><\/p>\n\n\n\n<p><\/p>\n\n\n\n<p><\/p>\n\n\n\n<p><\/p>\n\n\n\n<p class=\"has-text-align-center has-medium-font-size\"><br><\/p>\n","protected":false},"excerpt":{"rendered":"<p>Harmonogram zaj\u0119\u0107 \u015awi\u0119tokrzyskiego Uniwersytetu III Wieku w roku akademickim 2025\/2026 Rodzaj zaj\u0119\u0107 Prowadz\u0105cy Poniedzia\u0142ek Wtorek \u015aroda Czwartek Pi\u0105tek Wyk\u0142ady w Auli 117,budynek B, P\u015a&nbsp;&nbsp;&nbsp; 20.X.,3.XI.,17.XI.,1.XII.,15.XII<a class=\"moretag\" href=\"https:\/\/www.sutw-kielce.pl\/?page_id=1430\"> [&#8230;]<\/a><\/p>\n","protected":false},"author":1,"featured_media":0,"parent":0,"menu_order":0,"comment_status":"closed","ping_status":"closed","template":"","meta":{"_bbp_topic_count":0,"_bbp_reply_count":0,"_bbp_total_topic_count":0,"_bbp_total_reply_count":0,"_bbp_voice_count":0,"_bbp_anonymous_reply_count":0,"_bbp_topic_count_hidden":0,"_bbp_reply_count_hidden":0,"_bbp_forum_subforum_count":0,"footnotes":""},"_links":{"self":[{"href":"https:\/\/www.sutw-kielce.pl\/index.php?rest_route=\/wp\/v2\/pages\/1430"}],"collection":[{"href":"https:\/\/www.sutw-kielce.pl\/index.php?rest_route=\/wp\/v2\/pages"}],"about":[{"href":"https:\/\/www.sutw-kielce.pl\/index.php?rest_route=\/wp\/v2\/types\/page"}],"author":[{"embeddable":true,"href":"https:\/\/www.sutw-kielce.pl\/index.php?rest_route=\/wp\/v2\/users\/1"}],"replies":[{"embeddable":true,"href":"https:\/\/www.sutw-kielce.pl\/index.php?rest_route=%2Fwp%2Fv2%2Fcomments&post=1430"}],"version-history":[{"count":55,"href":"https:\/\/www.sutw-kielce.pl\/index.php?rest_route=\/wp\/v2\/pages\/1430\/revisions"}],"predecessor-version":[{"id":13815,"href":"https:\/\/www.sutw-kielce.pl\/index.php?rest_route=\/wp\/v2\/pages\/1430\/revisions\/13815"}],"wp:attachment":[{"href":"https:\/\/www.sutw-kielce.pl\/index.php?rest_route=%2Fwp%2Fv2%2Fmedia&parent=1430"}],"curies":[{"name":"wp","href":"https:\/\/api.w.org\/{rel}","templated":true}]}}