{"id":1197,"date":"2019-03-06T18:25:57","date_gmt":"2019-03-06T17:25:57","guid":{"rendered":"http:\/\/new.sutw-kielce.pl\/?page_id=1197"},"modified":"2026-03-25T14:43:06","modified_gmt":"2026-03-25T13:43:06","slug":"kalendarium","status":"publish","type":"page","link":"https:\/\/www.sutw-kielce.pl\/?page_id=1197","title":{"rendered":"Kalendarium"},"content":{"rendered":"\n<p class=\"has-text-color has-link-color wp-elements-afd2db6976436c453e203fe562c0240d\" style=\"color:#1a8c23;font-size:20px\"><strong>Rok akademicki 2025\/2026<\/strong><\/p>\n\n\n\n<p><strong>06.10.2025   &#8211;<\/strong>  <strong> Inauguracja roku akademickiego 2025-2026 w \u015aUTW<\/strong> <br><br>By\u0142 to jubileusz 40 lecia naszej uczelni, a jednocze\u015bnie 50 lecie powstania pierwszej organizacji Uniwersytetu Trzeciego Wieku w Polsce, w Warszawie. Uroczysto\u015b\u0107, kt\u00f3ra odby\u0142a si\u0119 w Woj. Domu Kultury w Kielcach, pod patronatem \u015awi\u0119tokrzyskiego Urz\u0119du Marsza\u0142kowskiego i Woj. Domu Kultury w Kielcach, zaszczyci\u0142o wielu znamienitych go\u015bci.<\/p>\n\n\n\n<p><strong>06.10.2025   &#8211;   Nowy Rok Akademicki UTW woj, \u015bwi\u0119tokrzyskiego 25\/26<\/strong> <br><br>Filharmonia \u015awi\u0119tokrzyska w Kielcach , 6 p\u017adziernika gosci\u0142a przedstawicieli 21 organizacji UTW z naszego regionu, a tak\u017ce \u015bwi\u0119tokrzyskich samorz\u0105dowc\u00f3w i rektor\u00f3w wy\u017cszych uczelni.<br>Gospodarzem uroczysto\u015bci by\u0142 Regionalny O\u015brodek Polityki Spo\u0142ecznej w Kielcach.\u00a0<br><\/p>\n\n\n\n<p><strong> 12 pa\u017adziernka 2025 &#8211; Senior Show <\/strong> &#8211; <strong>grupa wokalna Tu i Teraz<\/strong> <br><br>W\u015br\u00f3d senioralnych artyst\u00f3w nie zabrak\u0142o reprezentacji \u015awi\u0119tokrzyskiego UTW, kt\u00f3rzy cz\u0119sto goszcz\u0105 na scenie WDK i przyjmowani s\u0105 przez widz\u00f3w rz\u0119sistymi brawami. <\/p>\n\n\n\n<p><strong>21, 22. 10.2025   &#8211;   \u201cZio\u0142omania\u201d w kieleckim Ogrodzie Botanicznym<\/strong> <br><br>W Ogrodzie Botanicznym w dniach 21 i 22 pa\u017adziernika odby\u0142y si\u0119 warsztaty zielarskie pn. \u201cZio\u0142omania\u201d, organizowane przez \u015awi\u0119tokrzyskie Centrum Innowacji i Transferu Technologii w ramach projektu \u201cNowe kompetencje \u2013 wi\u0119ksze mo\u017cliwo\u015bci. <\/p>\n\n\n\n<p><strong>06.11.2025   &#8211;   Wizyta w polskim parlamencie<\/strong> <br><br>Na zaproszenie senatora Krzysztofa S\u0142onia, du\u017ca grupa sluchaczy \u015awi\u0119tokrzyskiego UTW mog\u0142a zwiedzi\u0107<br>dn.6 listopada br miejsca obrad Senatu i Sejmu RP.<\/p>\n\n\n\n<p><strong>24.11.2025   &#8211;   Andrzejki 2025<\/strong><br><br>Korzystaj\u0105c z go\u015bcinno\u015bci studenckiego klubu WSPAK\u00a0 w Kielcach grupa naszych senior\u00f3w \/ponad 40 os\u00f3b\/ bawi\u0142a si\u0119 na spotkaniu andrzejkowym. <\/p>\n\n\n\n<p><strong>28.11.25   &#8211;   Andrzejki w klubie WSPAK<\/strong><\/p>\n\n\n\n<p>Korzystaj\u0105c z go\u015bcinno\u015bci studenckiego klubu WSPAK\u00a0 w Kielcach grupa naszych senior\u00f3w \/ponad 40 os\u00f3b\/ bawi\u0142a si\u0119 na spotkaniu andrzejkowym. Mi\u0142a atmosfera, muzyka na \u017cywo, s\u0142odki pocz\u0119stunek i\u2026 dobry humor\u00a0 towarzyszy\u0142y nam tego wieczoru.<\/p>\n\n\n\n<p><strong>16.02.26   &#8211;   Wernisa\u017c fotograficzny w WDK<\/strong><\/p>\n\n\n\n<p>Projekt pt<strong>\u00a0\u201cNowe kompetencje \u2013 wi\u0119ksze mo\u017cliwo\u015bci\u201d<\/strong>\u00a0realizowany przez \u015awi\u0119tokrzyskie Centrum Innowacji<br>i Transferu Technologii Sp. z o.o. na rzecz s\u0142uchaczy \u015awi\u0119tokrzyskiego Uniwersytetu Trzeciego Wieku dobieg\u0142 ko\u0144ca. Ostatnim, pi\u0119knym akcentem by\u0142a wystawa prac fotograficznych s\u0142uchaczy \u015awi\u0119tokrzyskiego UTW ,<br>w go\u015bcinnym dla nas Woj.Domu Kultury w Kielcach. <\/p>\n\n\n\n<p><strong>11.03.26   &#8211;    Senior w s\u0105dzie <\/strong><\/p>\n\n\n\n<p>W kieleckim S\u0105dzie Okr\u0119gowym min. s\u0142uchacze \u015awi\u0119tokrzyskiego UTW byli uczestnikami kolejnego spotkania <br>z cyklu \u201eEdukacja prawna senior\u00f3w\u201d. Informacji jak korzysta\u0107 z naszych praw uczyli nas s\u0119dziowie, notariusz, rzecznik praw konsument\u00f3w oraz mediatorka.<\/p>\n\n\n\n<p><strong>16 i 17.03.26    &#8211;    \u201cProgram musi by\u0107 \u2013 i koniec!\u201d \u2013 kabaret \u201cTrzeci Bieg\u201d<\/strong><\/p>\n\n\n\n<p>Ostatni po\u017cegnalny program kabaretu \u201cTrzeci Bieg\u201d mia\u0142 miejsce na Ma\u0142ej Scenie KCK w dniach 16 i17 marca 26.<br>Kabaret, kt\u00f3ry za\u0142o\u017cy\u0142a nasza kole\u017canka Ania Krzyczkowska w 2011r, pod patronatem \u015awi\u0119tokrzyskiego UTW cieszy\u0142 si\u0119 du\u017c\u0105 popularno\u015bci\u0105 i zyska\u0142 sobie wielu sympatyk\u00f3w w\u015br\u00f3d s\u0142uchaczy \u015awietokrzyskiego UtW<br>i UTW \u201cPonad Czasem\u201d. Coroczne nowe spektakle ogl\u0105dali tak\u017ce inni kieleccy seniorzy i ich znajomi. <\/p>\n\n\n\n<p><strong>23.03.26   &#8211;    Walne Zebranie  \u015aUTW<\/strong> <\/p>\n\n\n\n<p><\/p>\n\n\n\n<hr class=\"wp-block-separator has-alpha-channel-opacity\"\/>\n\n\n\n<p class=\"has-text-color has-link-color has-medium-font-size wp-elements-e25c1a824e3192b605b88c8436fa692e\" style=\"color:#1a8c23\"><strong>Rok akademicki 2024\/2025<\/strong> <\/p>\n\n\n\n<p><strong>07.10.24   &#8211;   Inauguracja roku akademickiego 2024-2025 w \u015aUTW<\/strong><\/p>\n\n\n\n<p>W sali widowiskowo \u2013 kinowej WDK w Kielcach w dn. 7 pa\u017adziernka br. zosta\u0142 zainugrowany nowy rok akademicki 2024\/2025 w naszym \u015awi\u0119tokrzyskim UTW.<br>Wyk\u0142ad inauguracyjny pt.\u201d\u201eAutorytetJana Paw\u0142a II wczoraj i dzi\u015b\u201d wyg\u0142osi\u0142 dr hab.prof. UJK Tadeusz Sakowicz.<\/p>\n\n\n\n<p><strong>30.10.24   &#8211;   \u015awiate\u0142ka Pami\u0119tania 2024.<\/strong><\/p>\n\n\n\n<p>Wieloletnim zwyczajem zosta\u0142y zapalone \u015bwiate\u0142ka \u201cPAMI\u0118TANIA\u201dz logo \u015aUTW, na grobach naszych nauczycieli<br>i dawnych naszych s\u0142uchaczy \u2013 spo\u0142ecznik\u00f3w, zaanga\u017cowanych w dzia\u0142alno\u015bci samorz\u0105du i pracach charytatywnych naszego UTW.<br>Z dobrowolnych wp\u0142at student\u00f3w zosta\u0142y zakupione znicze i dwie grupy cz\u0142onk\u00f3w naszego stowarzyszenia,<br>tu\u017c przed Dniem Wszystkich \u015awi\u0119tych, tradycyjnie na kieleckich cmentarzach zapalili znicze jako wyraz<br>pami\u0119ci i szacunku.<\/p>\n\n\n\n<p><strong>15.12.2024   &#8211;   Senior Show \u2013 edycja \u015bwi\u0105teczna<\/strong><\/p>\n\n\n\n<p>Ostatnia edycja Senior Show w Kieleckim WDK mia\u0142a miejsce w dn. 15.12.24. Wydarzenie mia\u0142o \u015bwi\u0105teczny charakter, o co zadbali tak\u017ce gospodarze obiektu. W\u015br\u00f3d 10 zespo\u0142\u00f3w o r\u00f3\u017cnym charakterze artystycznym byli tak\u017ce reprezentanci naszego UTW, grupa wokalna \u201cTu iTeraz\u201d. Nie po raz pierwszy publiczno\u015b\u0107 gor\u0105co oklaskiwa\u0142a pi\u0119kny popis naszych utalentowanych kole\u017canek i koleg\u00f3w.<\/p>\n\n\n\n<p><strong>02.03.2025   &#8211;   \u015awi\u0119to P\u0105czka czyli T\u0142usty Czwartek <\/strong><br><br>R\u00f3\u017cnie obchodzi si\u0119 to \u015bwi\u0119to w Europie. We Francji z tej okazji organizowane s\u0105 parady, maskarady, festiwale i oczywi\u015bcie wielkie uczty. W Niemczech cz\u0119sto s\u0105 przebierane, kolorowe uczty.<br>W Norwegi \u015bwi\u0119tuj\u0105 trzy dni. \u201cPancake \u201cday\u201d obchodzony jest na zako\u0144czenie karnawa\u0142u nie tylko&nbsp;w Wielkiej Brytanii, ale tak\u017ce w Irlandii, Australii, Kanadzie i Nowej Zelandii. Tradycyjnie odbywa si\u0119&nbsp;wy\u015bcig z nale\u015bnikiem. Pocz\u0105tki tego obyczaju si\u0119gaj\u0105 ju\u017c XV wieku.&nbsp;<br>Studenci \u015awi\u0119tokrzyskiego UTW do tradycji zwi\u0105zanych z T\u0142ustym Czwartkiem do\u0142\u0105czyli i wy\u015bmienicie bawili\u015bmy si\u0119 w studenckim klubie WSPAK (UJK).<\/p>\n\n\n\n<p><strong>22, 23.03.2025   &#8211;   \u201cDom Starc\u00f3w, Staro\u017cytno\u015b\u0107\u201d \u2013 Kabaret Trzeci Bieg<\/strong> <br><br>Z du\u017c\u0105 przyjemno\u015bci\u0105 widzowie obejrzeli ju\u017c 32. program autorstwa Ani Krzyczkowskiej tj. kabaret \u015awi\u0119tokrzyskiego UTW \u201cTRZECI BIEG\u201d, pt. \u201cDom Starc\u00f3w, Staro\u017cytno\u015b\u0107\u201d.<br>Akcja spektaklu rozgrywa si\u0119 w dw\u00f3ch czasach \u2013 w staro\u017cytno\u015bci i wsp\u00f3\u0142czesno\u015bci.<br>Wg autorki ma to nam u\u015bwiadomi\u0107, \u017ce losy i problemy ludzkie s\u0105 wci\u0105\u017c takie same.<br>Przer\u00f3\u017cnych por\u00f3wna\u0144 przeplatanych piosenkami by\u0142o wiele.<br>O tym, \u017ce spektakl widzom si\u0119 podoba\u0142 \u015bwiadczy\u0142y d\u0142ugie, rz\u0119siste oklaski.<\/p>\n\n\n\n<p><strong>05.05.2025   &#8211;   Sukces naszych fotografik\u00f3w<\/strong> <\/p>\n\n\n\n<p>W dniu 5 maja 2025 r. w Akademii WSB w D\u0105browie G\u00f3rniczej odby\u0142 si\u0119 Fina\u0142 VIII Konkursu Fotograficznego Uniwersytet\u00f3w Trzeciego Wieku, kt\u00f3rego organizatorem by\u0142 UTW Akademii WSB.<br>91 uczestnik\u00f3w z 38 UTW z 5 wojew\u00f3dztw (\u015bl\u0105skie, ma\u0142opolskie, opolskie, \u0142\u00f3dzkie, \u015bwi\u0119tokrzyskie)<br>nades\u0142a\u0142o a\u017c 479 prac. <br><strong>Wyniki konkursu (wybrane kategorie):<\/strong><br>\u2013 Grand Prix:<br>\u201cTo Kielce\u201d oraz \u201eNa mierzei Helskiej\u201d \u2013&nbsp;<strong>Zdzis\u0142aw Bia\u0142kowski<\/strong>, \u015aUTW Kielce<br>\u2013 Kategoria Zagranica II miejsce:<br>\u201ePustynia Judzka\u201d \u2013<strong>&nbsp;Danuta \u015aliwi\u0144ska<\/strong>, \u015aUTW Kielce<br>\u2013 Nagroda Internaut\u00f3w :<br>\u201eWiejska chata\u201d \u2013&nbsp;<strong>Iwona Wojtecka<\/strong>, \u015aUTW Kielce <\/p>\n\n\n\n<p><strong>05 -16.05.2025   &#8211;   \u015awi\u0119tokrzyski UTW&nbsp; w programie ERASMUS +&nbsp; finansowanym przez UE<\/strong><\/p>\n\n\n\n<p>W dniach od 5 do 16 maja 2025 roku grupa 15 s\u0142uchaczek ze \u015awi\u0119tokrzyskiego UTW w Kielcach wzi\u0119\u0142a udzia\u0142 w zagranicznej mobilno\u015bci edukacyjnej programu Erasmus+ finansowanej przez UE, realizowanej w ramach konkursu 2024 \u2013 KA1 \u2013 Mobilno\u015b\u0107 edukacyjna \u2013 Edukacja doros\u0142ych na okres obowi\u0105zywania 01.10.2024 \u2013 31.07.2025.Partnerem realizowanego projektu \u201eNowoczesne metody zarz\u0105dzania w \u015aUTW\u201d by\u0142a organizacja Knowledge, Health&amp;Education z siedzib\u0105 w Tolo.<\/p>\n\n\n\n<p><strong>09.06.2025   &#8211;   Zako\u0144czenie roku akademickiego 2024\/2025<\/strong><\/p>\n\n\n\n<p>W sali kinowej WDK dn. 09.06.25. odby\u0142o si\u0119 uroczyste zako\u0144czenie roku akademickiego w \u015awi\u0119tokrzyskim UTW.<br>W\u0142a\u015bnie w cz\u0119\u015bci artystycznej uroczysto\u015bci bawi\u0142 nas swoimi piosenkami i zach\u0119ca\u0142 do wsp\u00f3lnego \u015bpiewania.<br>Zesp\u00f3\u0142 przypomnia\u0142 nam, \u017ce w tym roku obchodzimy 50-lecie istnienia uniwerytet\u00f3w trzeciego wieku na \u015bwiecie, a nasz UTW sko\u0144czy\u0142 40lat.<\/p>\n\n\n\n<p><strong>19.05.2025   &#8211;   IV Wielki Kongres UTW<\/strong> <br><br>Kongres po\u015bwi\u0119cony by\u0142 obchodom 50 lecia ruchu UTW w Polsce. Pierwszy polski UTW powsta\u0142 z inicjatywy prof. Haliny Szwarc, kt\u00f3ra w 1975r za\u0142o\u017cy\u0142a w w-wie UTW na Wy\u017cszej Szkole Gospodarki. By\u0142a to trzecia w \u015bwiecie ( po Francji i Belgii) plac\u00f3wka, kt\u00f3rej dzia\u0142alno\u015b\u0107 po\u015bwi\u0119cona zosta\u0142a ludziom po uko\u0144czeniu ich dzia\u0142alno\u015bci zawodowej. Istnienie tego ruchu zawdzi\u0119czamy francuskiemu prof. Pierre Vellasowi, kt\u00f3ry w 1973r stworzy\u0142 w Tuluzie pierwszy w \u015bwiecie Uniwersytet Trzeciego Wieku.<br>W naszym kraju ruch ten rozwija\u0142 si\u0119 powoli. Do 1985r powsta\u0142o 10 tego typu uniwersytet\u00f3w ale ju\u017c w w latach 2000-tych nabra\u0142 du\u017cego tempa. Obecnie istnieje ju\u017c ok. 700 UTW. W kongresie uczestniczy\u0142a tak\u017ce przedstawicielka \u015awi\u0119tokrzyskiego UTW.<\/p>\n\n\n\n<p><strong>17.06.2025   &#8211;   Wystawa fotograficzna \u201cPokolenia V, Impresje\u201d<\/strong> <\/p>\n\n\n\n<p>We wtorek 17.06.25 w Galerii Biblioteki Uniwersytetu Jana Kochanowskiego w Kielcach odby\u0142 si\u0119 wernisa\u017c wystawy fotograficznej z cyklu \u201cPokolenia\u201d. <br>By\u0142a to jubileuszowa V edycja mi\u0119dzypokoleniowego projektu artystycznego,w kt\u00f3rej zaprezentowali si\u0119 nasi cz\u0142onkowie Sekcji Fotograficznej \u015awi\u0119tokrzyskiego Uniwersytetu Trzeciego Wieku, m\u0142odzi studenci<br>z Uniwersytetu Dzieci\u0119cego UJK, studenci ze Studenckiego Ko\u0142a Naukowego Fotografii \u201e210 Studio\u201d z Wydzia\u0142u Sztuki UJK oraz uczniowie Pa\u0144stwowego Liceum Sztuk Plastycznych im. J\u00f3zefa Szermentowskiego w Kielcach.<br>Tegoroczna tematyka wystawy pt.\u201d Pokolenia V. 50 mm, Impresja\u201d jest po\u015bwi\u0119cona klasycznemu obiektywowi<br>50 mm, kt\u00f3ry jest najbardziej zbli\u017cony do pola widzenia ludzkiego oka.<\/p>\n\n\n\n<hr class=\"wp-block-separator has-alpha-channel-opacity\"\/>\n\n\n\n<p class=\"has-text-color has-link-color has-medium-font-size wp-elements-1c6753758b5ffda7a6b70c987f37b36b\" style=\"color:#1a8c23\"><strong>Rok akademicki 2023\/202<\/strong>4<\/p>\n\n\n\n<p><strong>10.10.2023   &#8211; Ognisko na Stadionie Le\u015bnym<\/strong> <br><br>Integracyjne spotkanie s\u0142uchaczy \u015aUTW. <\/p>\n\n\n\n<p><strong>I6.10.23   &#8211;   Inauguracja roku akademickiego 2023\/2024<\/strong><br>Uroczyste rozpocz\u0119cie nowego roku akademickiego odby\u0142o si\u0119 w auli Politechniki \u015awi\u0119tokrzyskiej.<br>Przybyli mi\u0119dzy innymi, senator Krzysztof S\u0142o\u0144, prorektorka&nbsp; Uniwersytetu Jana Kochanowskiego pani&nbsp; profesorka Dorota Kozie\u0142, wiceprezydentka Kielc pani Bo\u017cena Szczypi\u00f3r.<br>Interesuj\u0105cy wyk\u0142ad inauguracyjny pt \u201eCzy poprawna polszczyzna jest jeszcze potrzebna Polakom?\u201d.&nbsp;wyg\u0142osi\u0142 prof.  Piotr Zbr\u00f3g .<\/p>\n\n\n\n<p> <strong>11 i 12.03.24  &#8211;   \u201cBajki dla realist\u00f3w\u201d<\/strong> <\/p>\n\n\n\n<p>  Kabaret &#8220;Trzeci Bieg&#8221; dzia\u0142aj\u0105cy przy \u015aUTW , wyst\u0105pi\u0142 przed swoj\u0105 senioraln\u0105 publiczno\u015bci\u0105 z nowym programem. To ju\u017c 13 lat jego dzia\u0142alno\u015bci. 29 wyst\u0119p publiczny wypad\u0142, jak zwykle REWELACYJNIE.<br>Wst\u0119p wolny dla wszystkich kieleckich senior\u00f3w na Ma\u0142ej Scenie Kieleckiego Centrum Kultury.<\/p>\n\n\n\n<p><strong>Lipiec 2024   &#8211;    \u201cNowe kompetencje-wi\u0119ksze mo\u017cliwo\u015bci\u201d \u2013 grupa III na szkoleniu SCITT<\/strong><br><br>Pod koniec lipca  s\u0142uchacze \u015aUTW rozpocz\u0119li cykl szkolenia zwi\u0119kszaj\u0105cy ich umiej\u0119tno\u015bci cyfrowe <br>i bezpiecznego korzystania z internetu. Szkolenie zosta\u0142o zorganizowane w projekcie \u201cNowe kompetencje-wi\u0119ksze mo\u017cliwo\u015bci\u201d dofinansowanego przez Uni\u0119 Europejsk\u0105 dla \u015awi\u0119tokrzyskiego.<\/p>\n\n\n\n<p>Zakres szkolenia obejmuje usprawnienie umiej\u0119tno\u015bci w pos\u0142ugiwaniu si\u0119 komputerem, edytorem tekstu, szukaniem informacji w internecie, zapewnieniem bezpiecze\u0144stwa w sieci a tak\u017ce komunikacji przez internet <br>za pomoc\u0105 popularnych komunikator\u00f3w. Zaj\u0119cia wzbogacane s\u0105 przez otrzymane materia\u0142y pomocnicze <br>do szkole\u0144.<\/p>\n\n\n\n<p><strong>06.06.2024   &#8211;    Ognisko na Stadionie Le\u015bnym<\/strong><\/p>\n\n\n\n<p>Piknik le\u015bny z okazji zako\u0144czenie roku akademickiego 23\/24<\/p>\n\n\n\n<p><strong>10.06.24   &#8211;  Zako\u0144czenie roku akademickiego 2023\/2024<\/strong><\/p>\n\n\n\n<p>Uroczysto\u015b\u0107 zako\u0144czenia kolejnego roku szkolnego na \u015awi\u0119tokrzyskim UTW odby\u0142a si\u0119 10.06.24 w sali kinowej Wojew\u00f3dzkiego Domu Kultury w Kielcach.<br>Bardzo mi\u0142\u0105 cz\u0119\u015bci\u0105 uroczysto\u015bci by\u0142 wyst\u0119p ulubionego, naszego zespo\u0142u wokalnego \u201cTu i Teraz\u201d.<\/p>\n\n\n\n<hr class=\"wp-block-separator has-alpha-channel-opacity\"\/>\n\n\n\n<h2 class=\"wp-block-heading has-text-color has-link-color has-medium-font-size wp-elements-2270139cc978c00cdbbc05e30d2b7594\" style=\"color:#1a8c23\"><strong> Rok akademicki 2022\/2023<\/strong> <\/h2>\n\n\n\n<p><strong>03.10.2022     &#8211; SENIOR SHOW w WDK Kielce<\/strong><\/p>\n\n\n\n<p>W  cyklicznych, artystycznych prezentacjach organizowanych przez Woj. Dom Kultuery w Kielcach wzi\u0119\u0142a udzia\u0142 grupa wokalna \u201eTu i Teraz\u201d reprezentuj\u0105ca nasz \u015awi\u0119tokrzyski UTW.<\/p>\n\n\n\n<p><strong>10.10.22    Inauguracja roku akademickiego 2022\/2023 w \u015aUTW.<\/strong><\/p>\n\n\n\n<p>Uroczyste rozpocz\u0119cie nowego roku akademickiego w naszym UTW mia\u0142o miejsce w Woj. Domu Kultury. <br>Oficjalnego otwarcia nowego roku akademickiego 2022\/2023 dokona\u0142 prorektor P\u015a prof. Artur Maci\u0105g. W swoim kr\u00f3tkim wyst\u0105pieniu podkre\u015bli\u0142 jak wa\u017cne s\u0105 kontakty mi\u0119dzyludzkie, dba\u0142o\u015b\u0107 o rozw\u00f3j osobisty oraz nad\u0105\u017canie za rozwojem technologicznym \u015bwiata.Wyk\u0142ad inauguracyjny pt.\u201dG\u0142\u00f3wny Urz\u0105d Miar \u2013 pewno\u015b\u0107 miar\u201d wyg\u0142osi\u0142 pro. Jacek Semaniak.<\/p>\n\n\n\n<p><strong>20.10.22     Piknik integracyjny<\/strong><\/p>\n\n\n\n<p>S\u0142uchacze \u015bwi\u0119tokrzyskiego UTW w czwartkowy, s\u0142oneczny pa\u017adziernikowy dzie\u0144, t\u0142umnie zjawili si\u0119 przy wiacie na Stadionie Le\u015bnym na integracyjnym pikniku. Przy wsp\u00f3lnym stole zaopatrzonym prowiantem, kt\u00f3ry ka\u017cdy przyni\u00f3s\u0142 ze sob\u0105, zrobi\u0142o si\u0119 gwarno. Rozmowy, \u015bmiechy, s\u0142oneczna pogoda wprawi\u0142a nas w dobry nastr\u00f3j.<br>&nbsp;Piknik integracyjny to spos\u00f3b w jaki uhonorowali\u015bmy Europejski Dzie\u0144 Seniora, kt\u00f3ry przypada na dzie\u0144 20 pa\u017adziernika.<\/p>\n\n\n\n<p><strong>27-28.10.22    Og\u00f3lnopolskie Targi Organizacji Pozarz\u0105dowych NGO-EXPO \u2013 2022.<\/strong><\/p>\n\n\n\n<p>W dniach 27-28 pa\u017adziernika br na terenach Targ\u00f3w Kielce SA odby\u0142y si\u0119 pierwsze w w kraju Og\u00f3lnopolskie Targi Organizacji Pozarz\u0105dowych NGO-EXPO.<br>Ciekawe rozmowy prowadzi\u0142a grupa s\u0142uchaczy z naszego \u015awi\u0119tokrzyskiego UTW z organizacjami pozarz\u0105dowymi, kt\u00f3re \u015bwiadcz\u0105 us\u0142ugi na rzecz innych organizacji NGO.<br>Spotkanie tak wielu organizacji w jednym miejscu sprzyja\u0142o r\u00f3\u017cnym rozmowom, wymianie do\u015bwiadcze\u0144<br>i nawi\u0105zywaniu wsp\u00f3\u0142pracy. Liczymy, \u017ce przeprowadzone rozmowy pozwol\u0105 tak\u017ce i nam tj \u015aUTW wykorzysta\u0107 wyniesion\u0105 wiedz\u0119, uzyskane informacje przy realizacji naszych statutowych dzia\u0142a\u0144.<\/p>\n\n\n\n<hr class=\"wp-block-separator has-alpha-channel-opacity\"\/>\n\n\n\n<h2 class=\"wp-block-heading has-text-color has-link-color has-medium-font-size wp-elements-b1faaf655eff7072da765da82fa8014c\" style=\"color:#1a8c23\"><strong>Rok akademicki 2021\/2022<\/strong><\/h2>\n\n\n\n<p><strong>11.10.2021    &#8211; Rozpocz\u0119cie roku akademickiego na Stadionie Le\u015bnym w Kielcach<\/strong><br><br>Pomys\u0142 zorganizowania inauguracji roku akademickiego, w okresie pandemii Covid-19, na le\u015bnej polanie, okaza\u0142 si\u0119 trafiony i zyska\u0142 przychylno\u015b\u0107 student\u00f3w oraz zaproszonyvh go\u015bci.<\/p>\n\n\n\n<p><strong>22.11. i 27.11.2021   Baseny Tropikalne w Kielcach<\/strong><\/p>\n\n\n\n<p>S\u0142uchacze \u015awietokrzyskiego UTW realizuj\u0105c zadanie \u201eSeniorze, b\u0105d\u017a aktywny b\u0119dziesz sprawniejszy\u201d dofinansowany przez<strong>&nbsp;Min. Kultury i Sportu w ramach PROGRAMU \u2013 SPORT DLA WSZYSTKICH<\/strong><br>mogli skorzysta\u0107 z bezp\u0142atnego wej\u015bcia na Baseny Tropikalne w Kielcach.<\/p>\n\n\n\n<p><strong>21.03.2022   &#8211;  Walne Zebranie Sprawozdawczo \u2013 Wyborcze Cz\u0142onk\u00f3w \u015awi\u0119tokrzyskiego Uniwersytetu Trzeciego Wieku w Kielcach<\/strong><\/p>\n\n\n\n<p><\/p>\n\n\n\n<p>Po wys\u0142uchaniu i zatwierdzeniu wszystkich sprawozda\u0144 cz\u0142onkowie stowarzyszenia udzielili absolutorium Zarz\u0105dowi\u015aUTW za rok akademicki 2020\/2021.<\/p>\n\n\n\n<p>Zgromadzeni s\u0142uchacze \u015aUTW zdecydowali aby na nast\u0119pn\u0105 kadencj\u0119 dotychczasowy Zarz\u0105d pozosta\u0142 w tym samym sk\u0142adzie osobowym.<\/p>\n\n\n\n<hr class=\"wp-block-separator has-alpha-channel-opacity\"\/>\n\n\n\n<h2 class=\"wp-block-heading has-text-color has-link-color has-medium-font-size wp-elements-ef5d040a490f38037e4af3d6bf5c9b10\" style=\"color:#1a8c23\">Rok akademicki 2020\/2021 <\/h2>\n\n\n\n<p><strong>21.09.2020  &#8211; Walne Zebranie Sprawozdawcze <\/strong><br><br>W auli g\u0142\u00f3wnej Politechniki \u015awi\u0119tokrzyskiej odby\u0142o si\u0119 Walne Zebranie sprawozdawcze za rok akademicki 2018\/2019.<\/p>\n\n\n\n<p><strong>21 &#8211; 22.07.2020  &#8211;  Akademia Lokalnego Animatora Aktywno\u015bci Senior\u00f3w<\/strong> <br><br>W dn. 21-23 lipca 2020 roku w Podegrodziu k\/N. S\u0105cza odby\u0142o si\u0119 szkolenie dla przedstawicieli organizacji seniorskich w formie warsztat\u00f3w AKADEMIA LOKALNEGO ANIMATORA AKTYWNO\u015aCI SENIOR\u00d3W w ramach og\u00f3lnopolskiego projektu AKADEMIA AKTYWNYCH SENIOR\u00d3W realizowanego przez Og\u00f3lnopolsk\u0105 Federacj\u0119 Stowarzysze\u0144 UTW. <br>Tematyka warsztat\u00f3w obejmowa\u0142a m.in.: Organy wewn\u0119trzne w NGO&#8217;s, Formalnoprawne aspekty zwi\u0105zane z funkcjonowaniem NGO&#8217;s, Pozyskiwanie \u015brodk\u00f3w na dzia\u0142alno\u015b\u0107 statutow\u0105. <br>Uczestnicy zaj\u0119\u0107 podnie\u015bli poziom wiedzy i umiej\u0119tno\u015bci lider\u00f3w organizacji seniorskich, otrzymali r\u00f3wnie\u017c indywidualne wsparcie doradcze w formie porad\/konsultacji telefonicznych lub e-mailowych. <br>Uczestnikiem szkolenia by\u0142a Teresa Gremba.<\/p>\n\n\n\n<p><\/p>\n\n\n\n<h2 class=\"wp-block-heading has-text-color has-link-color has-medium-font-size wp-elements-af22f84805bdd7d99707e53f907b9b41\" style=\"color:#1a8c23\">Rok akademicki 2019\/2020 <\/h2>\n\n\n\n<p><strong>18.09.2019<\/strong>  &#8211;  <strong>Konferencja &#8220;Wojew\u00f3dztwo \u015awi\u0119tokrzyskie przyjazne organizacjom pozarz\u0105dowym&#8221;. <\/strong><br>18 wrze\u015bnia 2019r. w &#8220;Okr\u0105glaku&#8221; \u015awi\u0119tokrzyskiego Urz\u0119du Wojew\u00f3dzkiego w Kielcach odby\u0142a si\u0119 Konferencja &#8220;Wojew\u00f3dztwo \u015awi\u0119tokrzyskie przyjazne organizacjom pozarz\u0105dowym&#8221;. Program konferencji obejmowa\u0142 zagadnienia dotycz\u0105ce mi\u0119dzy innymi diagnozy potrzeb organizacji pozarz\u0105dowych i ich wsparcia w ramach \u015brodk\u00f3w PEFRON oraz ze \u015brodk\u00f3w Samorz\u0105du Wojew\u00f3dztwa &#8211; w ramach zada\u0144 w obszarze polityki spo\u0142ecznej, programu upowszechniania sportu os\u00f3b niepe\u0142nosprawnych, a tak\u017ce konkurs\u00f3w i program\u00f3w kierowanych do organizacji pozarz\u0105dowych. Uczestnicy otrzymali bardzo przydatny Informator zawieraj\u0105cy wybrane \u017ar\u00f3d\u0142a finansowania zada\u0144 publicznych. \u015aUTW reprezentowa\u0142a Teresa Gremba. <\/p>\n","protected":false},"excerpt":{"rendered":"<p>Rok akademicki 2025\/2026 06.10.2025 &#8211; Inauguracja roku akademickiego 2025-2026 w \u015aUTW By\u0142 to jubileusz 40 lecia naszej uczelni, a jednocze\u015bnie 50 lecie powstania pierwszej organizacji<a class=\"moretag\" href=\"https:\/\/www.sutw-kielce.pl\/?page_id=1197\"> [&#8230;]<\/a><\/p>\n","protected":false},"author":5,"featured_media":0,"parent":0,"menu_order":0,"comment_status":"closed","ping_status":"closed","template":"","meta":{"_bbp_topic_count":0,"_bbp_reply_count":0,"_bbp_total_topic_count":0,"_bbp_total_reply_count":0,"_bbp_voice_count":0,"_bbp_anonymous_reply_count":0,"_bbp_topic_count_hidden":0,"_bbp_reply_count_hidden":0,"_bbp_forum_subforum_count":0,"footnotes":""},"_links":{"self":[{"href":"https:\/\/www.sutw-kielce.pl\/index.php?rest_route=\/wp\/v2\/pages\/1197"}],"collection":[{"href":"https:\/\/www.sutw-kielce.pl\/index.php?rest_route=\/wp\/v2\/pages"}],"about":[{"href":"https:\/\/www.sutw-kielce.pl\/index.php?rest_route=\/wp\/v2\/types\/page"}],"author":[{"embeddable":true,"href":"https:\/\/www.sutw-kielce.pl\/index.php?rest_route=\/wp\/v2\/users\/5"}],"replies":[{"embeddable":true,"href":"https:\/\/www.sutw-kielce.pl\/index.php?rest_route=%2Fwp%2Fv2%2Fcomments&post=1197"}],"version-history":[{"count":22,"href":"https:\/\/www.sutw-kielce.pl\/index.php?rest_route=\/wp\/v2\/pages\/1197\/revisions"}],"predecessor-version":[{"id":13539,"href":"https:\/\/www.sutw-kielce.pl\/index.php?rest_route=\/wp\/v2\/pages\/1197\/revisions\/13539"}],"wp:attachment":[{"href":"https:\/\/www.sutw-kielce.pl\/index.php?rest_route=%2Fwp%2Fv2%2Fmedia&parent=1197"}],"curies":[{"name":"wp","href":"https:\/\/api.w.org\/{rel}","templated":true}]}}